{"id":3709,"date":"2017-10-17T06:33:10","date_gmt":"2017-10-17T04:33:10","guid":{"rendered":"https:\/\/www.bettervest.com\/?page_id=3709"},"modified":"2017-10-17T07:38:57","modified_gmt":"2017-10-17T05:38:57","slug":"patrick-mijnals","status":"publish","type":"page","link":"https:\/\/www.bettervest.com\/de\/patrick-mijnals","title":{"rendered":"Patrick Mijnals"},"content":{"rendered":"<p>[vc_row][vc_column][vc_custom_heading text=&#8220;&#8222;F\u00fcr die Zukunft ist es nie zu sp\u00e4t.&#8222; &#8220; font_container=&#8220;tag:h2|font_size:30|text_align:center|color:%2391c751&#8243; use_theme_fonts=&#8220;yes&#8220; el_class=&#8220;highlight xxl&#8220; css=&#8220;.vc_custom_1508216405256{margin-bottom: 40px !important;}&#8220;][vc_column_text]<\/p>\n<figure id=\"attachment_1523\" aria-describedby=\"caption-attachment-1523\" style=\"width: 300px\" class=\"wp-caption alignright\"><img fetchpriority=\"high\" decoding=\"async\" class=\"size-medium wp-image-1523\" src=\"https:\/\/www.bettervest.com\/wp-content\/uploads\/2017\/02\/Patrick_Mijnals-1-300x271.jpg\" alt=\"Patrick Mijnals\" width=\"300\" height=\"271\" srcset=\"https:\/\/www.bettervest.com\/wp-content\/uploads\/2017\/02\/Patrick_Mijnals-1-300x271.jpg 300w, https:\/\/www.bettervest.com\/wp-content\/uploads\/2017\/02\/Patrick_Mijnals-1.jpg 600w\" sizes=\"(max-width: 300px) 100vw, 300px\" \/><figcaption id=\"caption-attachment-1523\" class=\"wp-caption-text\">Patrick Mijnals<\/figcaption><\/figure>\n<p>&nbsp;<\/p>\n<p>Patrick Mijnals ist Zukunftsforscher und Ideengeber von bettervest.<br \/>\nDie Vision von Mijnals war \u00a0Energieeffizienz als Motor f\u00fcr eine klimafreundlichere Wirtschaft und Gesellschaft einzusetzen und B\u00fcrger daran aktiv zu beteiligen.<\/p>\n<p>Mit dieser Idee pitchte er 2012 auf dem Startup-Weekend Rhein-Main, konnte bereits zwei der sp\u00e4teren vier Gr\u00fcndungsmitglieder kennenlernen, mit denen er in zwei Tagen ein B\u00fcrgerbeteiligungsprojekt zur Finanzierung von Energieeffizienz-Projekten entwickelte: Ein Konzept, welches anschlie\u00dfend den ersten Platz des Startup Weekends Rhein Main gewann.[\/vc_column_text][nz_sep color=&#8220;#ffffff&#8220;][vc_custom_heading text=&#8220;Lebenslauf Patrick Mijnals&#8220; use_theme_fonts=&#8220;yes&#8220; el_class=&#8220;highlight xxl&#8220; css=&#8220;.vc_custom_1508215233177{margin-bottom: 40px !important;}&#8220;][vc_column_text]<\/p>\n<div class=\"page\" title=\"Page 1\">\n<div class=\"layoutArea\">\n<div class=\"column\">\n<ul>\n<li>12\/2007 &#8211; 08\/2010<br \/>\nConsultant, Autor &amp; Referent. Zukunftsinstitut GmbH \u2013 Internationale Gesellschaft f\u00fcr Trend- und Zukunftsberatung. \u00a0<a href=\"http:\/\/www.zukunftsinstitut.de\" target=\"_blank\" rel=\"noopener\">www.zukunftsinstitut.de<\/a><\/li>\n<li>09\/2010 &#8211; 01\/2011<br \/>\nPortfolio Manager Products &amp; Innovation. T-Gallery, multimediales Zukunftsforum der Deutschen Telekom AG. \u00a0<a href=\"http:\/\/www.telekom.com\" target=\"_blank\" rel=\"noopener\">www.telekom.com<\/a><\/li>\n<li>10\/2011 \u2013 2016<br \/>\nInhaber des Beratungsunternehmens Zukunftsdesigner. \u00a0<a href=\"http:\/\/zukunftsdesigner.de\" target=\"_blank\" rel=\"noopener\">http:\/\/zukunftsdesigner.de<\/a><\/li>\n<li>\n<div class=\"page\" title=\"Page 1\">\n<div class=\"layoutArea\">\n<div class=\"column\">\n<p>10\/2012 \u2013 heute<br \/>\nLeitung Marketing &amp; Kommunikation &amp; Gesch\u00e4ftsf\u00fchrung bettervest GmbH. \u00a0<a href=\"https:\/\/www.bettervest.com\" target=\"_blank\" rel=\"noopener\">www.bettervest.com<\/a><\/p>\n<\/div>\n<\/div>\n<\/div>\n<\/li>\n<\/ul>\n<\/div>\n<\/div>\n<\/div>\n<p>[\/vc_column_text][nz_sep color=&#8220;#ffffff&#8220;][vc_column_text]<\/p>\n<div style=\"max-width: 700px; margin: auto;\">\n<div class=\"responsive-video\">\n<div class=\"BorlabsCookie\">\n<div class=\"_brlbs-content-blocker\">\n<div class=\"_brlbs-embed _brlbs-video-youtube\"> <img decoding=\"async\" class=\"_brlbs-thumbnail\" src=\"https:\/\/www.bettervest.com\/wp-content\/plugins\/borlabs-cookie\/images\/cb-no-thumbnail.png\" alt=\"YouTube\"> <\/p>\n<div class=\"_brlbs-caption\">\n<p>Mit dem Laden des Videos akzeptieren Sie die Datenschutzerkl\u00e4rung von YouTube.<br \/><a href=\"https:\/\/policies.google.com\/privacy\" target=\"_blank\" rel=\"nofollow noopener noreferrer\">Mehr erfahren<\/a><\/p>\n<p><a class=\"_brlbs-btn _brlbs-icon-play-white\" href=\"#\" data-borlabs-cookie-unblock role=\"button\">Video laden<\/a><\/p>\n<p><label><input type=\"checkbox\" name=\"unblockAll\" value=\"1\" checked> <small>YouTube immer entsperren<\/small><\/label><\/p>\n<\/p><\/div>\n<\/p><\/div>\n<\/p><\/div>\n<div class=\"borlabs-hide\" data-borlabs-cookie-type=\"content-blocker\" data-borlabs-cookie-id=\"youtube\"><script type=\"text\/template\">PHAgY2xhc3M9InJlc3BvbnNpdmUtdmlkZW8td3JhcCBjbHIiPjxpZnJhbWUgdGl0bGU9IkltIFBvcnRyw6R0OiBQYXRyaWNrIE1pam5hbHMsIEdlc2Now6RmdHNmw7xocmVyIGRlciBiZXR0ZXJ2ZXN0IEdtYkgiIHdpZHRoPSIxMjAwIiBoZWlnaHQ9IjY3NSIgc3JjPSJodHRwczovL3d3dy55b3V0dWJlLW5vY29va2llLmNvbS9lbWJlZC9JU3c5a19mTXhZMD9mZWF0dXJlPW9lbWJlZCIgZnJhbWVib3JkZXI9IjAiIGFsbG93PSJhY2NlbGVyb21ldGVyOyBhdXRvcGxheTsgY2xpcGJvYXJkLXdyaXRlOyBlbmNyeXB0ZWQtbWVkaWE7IGd5cm9zY29wZTsgcGljdHVyZS1pbi1waWN0dXJlIiBhbGxvd2Z1bGxzY3JlZW4+PC9pZnJhbWU+PC9wPg==<\/script><\/div>\n<\/div>\n<\/div>\n<\/div>\n<p>[\/vc_column_text][\/vc_column][\/vc_row]<\/p>\n","protected":false},"excerpt":{"rendered":"<p>[vc_row][vc_column][vc_custom_heading text=&#8220;&#8222;F\u00fcr die Zukunft ist es nie zu sp\u00e4t.&#8222; &#8220; font_container=&#8220;tag:h2|font_size:30|text_align:center|color:%2391c751&#8243; use_theme_fonts=&#8220;yes&#8220; el_class=&#8220;highlight xxl&#8220; css=&#8220;.vc_custom_1508216405256{margin-bottom: 40px !important;}&#8220;][vc_column_text] &nbsp; Patrick Mijnals ist Zukunftsforscher und Ideengeber von bettervest. Die Vision von Mijnals war \u00a0Energieeffizienz als Motor f\u00fcr eine klimafreundlichere Wirtschaft und Gesellschaft einzusetzen und B\u00fcrger daran aktiv zu beteiligen. Mit dieser Idee pitchte er 2012 auf dem [&hellip;]<\/p>\n","protected":false},"author":2,"featured_media":21948,"parent":0,"menu_order":0,"comment_status":"closed","ping_status":"closed","template":"","meta":{"inline_featured_image":false,"ocean_post_layout":"","ocean_both_sidebars_style":"","ocean_both_sidebars_content_width":0,"ocean_both_sidebars_sidebars_width":0,"ocean_sidebar":"","ocean_second_sidebar":"","ocean_disable_margins":"enable","ocean_add_body_class":"","ocean_shortcode_before_top_bar":"","ocean_shortcode_after_top_bar":"","ocean_shortcode_before_header":"","ocean_shortcode_after_header":"","ocean_has_shortcode":"","ocean_shortcode_after_title":"","ocean_shortcode_before_footer_widgets":"","ocean_shortcode_after_footer_widgets":"","ocean_shortcode_before_footer_bottom":"","ocean_shortcode_after_footer_bottom":"","ocean_display_top_bar":"default","ocean_display_header":"default","ocean_header_style":"","ocean_center_header_left_menu":"","ocean_custom_header_template":"","ocean_custom_logo":0,"ocean_custom_retina_logo":0,"ocean_custom_logo_max_width":0,"ocean_custom_logo_tablet_max_width":0,"ocean_custom_logo_mobile_max_width":0,"ocean_custom_logo_max_height":0,"ocean_custom_logo_tablet_max_height":0,"ocean_custom_logo_mobile_max_height":0,"ocean_header_custom_menu":"","ocean_menu_typo_font_family":"","ocean_menu_typo_font_subset":"","ocean_menu_typo_font_size":0,"ocean_menu_typo_font_size_tablet":0,"ocean_menu_typo_font_size_mobile":0,"ocean_menu_typo_font_size_unit":"px","ocean_menu_typo_font_weight":"","ocean_menu_typo_font_weight_tablet":"","ocean_menu_typo_font_weight_mobile":"","ocean_menu_typo_transform":"","ocean_menu_typo_transform_tablet":"","ocean_menu_typo_transform_mobile":"","ocean_menu_typo_line_height":0,"ocean_menu_typo_line_height_tablet":0,"ocean_menu_typo_line_height_mobile":0,"ocean_menu_typo_line_height_unit":"","ocean_menu_typo_spacing":0,"ocean_menu_typo_spacing_tablet":0,"ocean_menu_typo_spacing_mobile":0,"ocean_menu_typo_spacing_unit":"","ocean_menu_link_color":"","ocean_menu_link_color_hover":"","ocean_menu_link_color_active":"","ocean_menu_link_background":"","ocean_menu_link_hover_background":"","ocean_menu_link_active_background":"","ocean_menu_social_links_bg":"","ocean_menu_social_hover_links_bg":"","ocean_menu_social_links_color":"","ocean_menu_social_hover_links_color":"","ocean_disable_title":"default","ocean_disable_heading":"default","ocean_post_title":"","ocean_post_subheading":"","ocean_post_title_style":"","ocean_post_title_background_color":"","ocean_post_title_background":0,"ocean_post_title_bg_image_position":"","ocean_post_title_bg_image_attachment":"","ocean_post_title_bg_image_repeat":"","ocean_post_title_bg_image_size":"","ocean_post_title_height":0,"ocean_post_title_bg_overlay":0.5,"ocean_post_title_bg_overlay_color":"","ocean_disable_breadcrumbs":"default","ocean_breadcrumbs_color":"","ocean_breadcrumbs_separator_color":"","ocean_breadcrumbs_links_color":"","ocean_breadcrumbs_links_hover_color":"","ocean_display_footer_widgets":"default","ocean_display_footer_bottom":"default","ocean_custom_footer_template":"","footnotes":""},"class_list":["post-3709","page","type-page","status-publish","has-post-thumbnail","hentry","entry","has-media"],"yoast_head":"<!-- This site is optimized with the Yoast SEO plugin v26.1 - https:\/\/yoast.com\/wordpress\/plugins\/seo\/ -->\n<title>Patrick Mijnals - Gr\u00fcnderportrait bettervest GmbH<\/title>\n<meta name=\"description\" content=\"Gr\u00fcnderportrait Patrick Mijnals, Ideengeber &amp; Gesch\u00e4ftsf\u00fchrer der bettervest GmbH, Zukunftsdesigner und Innovationsforscher.\" \/>\n<meta name=\"robots\" content=\"index, follow, max-snippet:-1, max-image-preview:large, max-video-preview:-1\" \/>\n<link rel=\"canonical\" href=\"https:\/\/www.bettervest.com\/de\/patrick-mijnals\" \/>\n<meta property=\"og:locale\" content=\"de_DE\" \/>\n<meta property=\"og:type\" content=\"article\" \/>\n<meta property=\"og:title\" content=\"Patrick Mijnals - Gr\u00fcnderportrait bettervest GmbH\" \/>\n<meta property=\"og:description\" content=\"Gr\u00fcnderportrait Patrick Mijnals, Ideengeber &amp; Gesch\u00e4ftsf\u00fchrer der bettervest GmbH, Zukunftsdesigner und Innovationsforscher.\" \/>\n<meta property=\"og:url\" content=\"https:\/\/www.bettervest.com\/de\/patrick-mijnals\" \/>\n<meta property=\"og:site_name\" content=\"bettervest\" \/>\n<meta property=\"article:publisher\" content=\"https:\/\/www.facebook.com\/bettervest\/\" \/>\n<meta property=\"article:modified_time\" content=\"2017-10-17T05:38:57+00:00\" \/>\n<meta property=\"og:image\" content=\"https:\/\/www.bettervest.com\/wp-content\/uploads\/2017\/02\/Patrick_Mijnals-1-300x271.jpg\" \/>\n<meta name=\"twitter:card\" content=\"summary_large_image\" \/>\n<meta name=\"twitter:site\" content=\"@bettervest\" \/>\n<meta name=\"twitter:label1\" content=\"Gesch\u00e4tzte Lesezeit\" \/>\n\t<meta name=\"twitter:data1\" content=\"1\u00a0Minute\" \/>\n<script type=\"application\/ld+json\" class=\"yoast-schema-graph\">{\"@context\":\"https:\/\/schema.org\",\"@graph\":[{\"@type\":\"WebPage\",\"@id\":\"https:\/\/www.bettervest.com\/de\/patrick-mijnals\",\"url\":\"https:\/\/www.bettervest.com\/de\/patrick-mijnals\",\"name\":\"Patrick Mijnals - Gr\u00fcnderportrait bettervest GmbH\",\"isPartOf\":{\"@id\":\"https:\/\/www.bettervest.com\/de\/#website\"},\"primaryImageOfPage\":{\"@id\":\"https:\/\/www.bettervest.com\/de\/patrick-mijnals#primaryimage\"},\"image\":{\"@id\":\"https:\/\/www.bettervest.com\/de\/patrick-mijnals#primaryimage\"},\"thumbnailUrl\":\"https:\/\/www.bettervest.com\/wp-content\/uploads\/2021\/05\/2021_v3_1226x311.png\",\"datePublished\":\"2017-10-17T04:33:10+00:00\",\"dateModified\":\"2017-10-17T05:38:57+00:00\",\"description\":\"Gr\u00fcnderportrait Patrick Mijnals, Ideengeber & Gesch\u00e4ftsf\u00fchrer der bettervest GmbH, Zukunftsdesigner und Innovationsforscher.\",\"breadcrumb\":{\"@id\":\"https:\/\/www.bettervest.com\/de\/patrick-mijnals#breadcrumb\"},\"inLanguage\":\"de\",\"potentialAction\":[{\"@type\":\"ReadAction\",\"target\":[\"https:\/\/www.bettervest.com\/de\/patrick-mijnals\"]}]},{\"@type\":\"ImageObject\",\"inLanguage\":\"de\",\"@id\":\"https:\/\/www.bettervest.com\/de\/patrick-mijnals#primaryimage\",\"url\":\"https:\/\/www.bettervest.com\/wp-content\/uploads\/2021\/05\/2021_v3_1226x311.png\",\"contentUrl\":\"https:\/\/www.bettervest.com\/wp-content\/uploads\/2021\/05\/2021_v3_1226x311.png\",\"width\":1226,\"height\":311,\"caption\":\"bettervest\"},{\"@type\":\"BreadcrumbList\",\"@id\":\"https:\/\/www.bettervest.com\/de\/patrick-mijnals#breadcrumb\",\"itemListElement\":[{\"@type\":\"ListItem\",\"position\":1,\"name\":\"Startseite\",\"item\":\"https:\/\/www.bettervest.com\/de\"},{\"@type\":\"ListItem\",\"position\":2,\"name\":\"Patrick Mijnals\"}]},{\"@type\":\"WebSite\",\"@id\":\"https:\/\/www.bettervest.com\/de\/#website\",\"url\":\"https:\/\/www.bettervest.com\/de\/\",\"name\":\"bettervest\",\"description\":\"Crowdfunding - nachhaltig effizient rentabel\",\"publisher\":{\"@id\":\"https:\/\/www.bettervest.com\/de\/#organization\"},\"potentialAction\":[{\"@type\":\"SearchAction\",\"target\":{\"@type\":\"EntryPoint\",\"urlTemplate\":\"https:\/\/www.bettervest.com\/de\/?s={search_term_string}\"},\"query-input\":{\"@type\":\"PropertyValueSpecification\",\"valueRequired\":true,\"valueName\":\"search_term_string\"}}],\"inLanguage\":\"de\"},{\"@type\":\"Organization\",\"@id\":\"https:\/\/www.bettervest.com\/de\/#organization\",\"name\":\"bettervest.com\",\"url\":\"https:\/\/www.bettervest.com\/de\/\",\"logo\":{\"@type\":\"ImageObject\",\"inLanguage\":\"de\",\"@id\":\"https:\/\/www.bettervest.com\/de\/#\/schema\/logo\/image\/\",\"url\":\"https:\/\/www.bettervest.com\/wp-content\/uploads\/2021\/05\/cropped-2021_v3_1226x311.png\",\"contentUrl\":\"https:\/\/www.bettervest.com\/wp-content\/uploads\/2021\/05\/cropped-2021_v3_1226x311.png\",\"width\":1226,\"height\":311,\"caption\":\"bettervest.com\"},\"image\":{\"@id\":\"https:\/\/www.bettervest.com\/de\/#\/schema\/logo\/image\/\"},\"sameAs\":[\"https:\/\/www.facebook.com\/bettervest\/\",\"https:\/\/x.com\/bettervest\",\"https:\/\/www.linkedin.com\/company-beta\/4998550\/\",\"https:\/\/www.youtube.com\/bettervest\"]}]}<\/script>\n<!-- \/ Yoast SEO plugin. -->","yoast_head_json":{"title":"Patrick Mijnals - Gr\u00fcnderportrait bettervest GmbH","description":"Gr\u00fcnderportrait Patrick Mijnals, Ideengeber & Gesch\u00e4ftsf\u00fchrer der bettervest GmbH, Zukunftsdesigner und Innovationsforscher.","robots":{"index":"index","follow":"follow","max-snippet":"max-snippet:-1","max-image-preview":"max-image-preview:large","max-video-preview":"max-video-preview:-1"},"canonical":"https:\/\/www.bettervest.com\/de\/patrick-mijnals","og_locale":"de_DE","og_type":"article","og_title":"Patrick Mijnals - Gr\u00fcnderportrait bettervest GmbH","og_description":"Gr\u00fcnderportrait Patrick Mijnals, Ideengeber & Gesch\u00e4ftsf\u00fchrer der bettervest GmbH, Zukunftsdesigner und Innovationsforscher.","og_url":"https:\/\/www.bettervest.com\/de\/patrick-mijnals","og_site_name":"bettervest","article_publisher":"https:\/\/www.facebook.com\/bettervest\/","article_modified_time":"2017-10-17T05:38:57+00:00","og_image":[{"url":"https:\/\/www.bettervest.com\/wp-content\/uploads\/2017\/02\/Patrick_Mijnals-1-300x271.jpg","type":"","width":"","height":""}],"twitter_card":"summary_large_image","twitter_site":"@bettervest","twitter_misc":{"Gesch\u00e4tzte Lesezeit":"1\u00a0Minute"},"schema":{"@context":"https:\/\/schema.org","@graph":[{"@type":"WebPage","@id":"https:\/\/www.bettervest.com\/de\/patrick-mijnals","url":"https:\/\/www.bettervest.com\/de\/patrick-mijnals","name":"Patrick Mijnals - Gr\u00fcnderportrait bettervest GmbH","isPartOf":{"@id":"https:\/\/www.bettervest.com\/de\/#website"},"primaryImageOfPage":{"@id":"https:\/\/www.bettervest.com\/de\/patrick-mijnals#primaryimage"},"image":{"@id":"https:\/\/www.bettervest.com\/de\/patrick-mijnals#primaryimage"},"thumbnailUrl":"https:\/\/www.bettervest.com\/wp-content\/uploads\/2021\/05\/2021_v3_1226x311.png","datePublished":"2017-10-17T04:33:10+00:00","dateModified":"2017-10-17T05:38:57+00:00","description":"Gr\u00fcnderportrait Patrick Mijnals, Ideengeber & Gesch\u00e4ftsf\u00fchrer der bettervest GmbH, Zukunftsdesigner und Innovationsforscher.","breadcrumb":{"@id":"https:\/\/www.bettervest.com\/de\/patrick-mijnals#breadcrumb"},"inLanguage":"de","potentialAction":[{"@type":"ReadAction","target":["https:\/\/www.bettervest.com\/de\/patrick-mijnals"]}]},{"@type":"ImageObject","inLanguage":"de","@id":"https:\/\/www.bettervest.com\/de\/patrick-mijnals#primaryimage","url":"https:\/\/www.bettervest.com\/wp-content\/uploads\/2021\/05\/2021_v3_1226x311.png","contentUrl":"https:\/\/www.bettervest.com\/wp-content\/uploads\/2021\/05\/2021_v3_1226x311.png","width":1226,"height":311,"caption":"bettervest"},{"@type":"BreadcrumbList","@id":"https:\/\/www.bettervest.com\/de\/patrick-mijnals#breadcrumb","itemListElement":[{"@type":"ListItem","position":1,"name":"Startseite","item":"https:\/\/www.bettervest.com\/de"},{"@type":"ListItem","position":2,"name":"Patrick Mijnals"}]},{"@type":"WebSite","@id":"https:\/\/www.bettervest.com\/de\/#website","url":"https:\/\/www.bettervest.com\/de\/","name":"bettervest","description":"Crowdfunding - nachhaltig effizient rentabel","publisher":{"@id":"https:\/\/www.bettervest.com\/de\/#organization"},"potentialAction":[{"@type":"SearchAction","target":{"@type":"EntryPoint","urlTemplate":"https:\/\/www.bettervest.com\/de\/?s={search_term_string}"},"query-input":{"@type":"PropertyValueSpecification","valueRequired":true,"valueName":"search_term_string"}}],"inLanguage":"de"},{"@type":"Organization","@id":"https:\/\/www.bettervest.com\/de\/#organization","name":"bettervest.com","url":"https:\/\/www.bettervest.com\/de\/","logo":{"@type":"ImageObject","inLanguage":"de","@id":"https:\/\/www.bettervest.com\/de\/#\/schema\/logo\/image\/","url":"https:\/\/www.bettervest.com\/wp-content\/uploads\/2021\/05\/cropped-2021_v3_1226x311.png","contentUrl":"https:\/\/www.bettervest.com\/wp-content\/uploads\/2021\/05\/cropped-2021_v3_1226x311.png","width":1226,"height":311,"caption":"bettervest.com"},"image":{"@id":"https:\/\/www.bettervest.com\/de\/#\/schema\/logo\/image\/"},"sameAs":["https:\/\/www.facebook.com\/bettervest\/","https:\/\/x.com\/bettervest","https:\/\/www.linkedin.com\/company-beta\/4998550\/","https:\/\/www.youtube.com\/bettervest"]}]}},"_links":{"self":[{"href":"https:\/\/www.bettervest.com\/de\/wp-json\/wp\/v2\/pages\/3709","targetHints":{"allow":["GET"]}}],"collection":[{"href":"https:\/\/www.bettervest.com\/de\/wp-json\/wp\/v2\/pages"}],"about":[{"href":"https:\/\/www.bettervest.com\/de\/wp-json\/wp\/v2\/types\/page"}],"author":[{"embeddable":true,"href":"https:\/\/www.bettervest.com\/de\/wp-json\/wp\/v2\/users\/2"}],"replies":[{"embeddable":true,"href":"https:\/\/www.bettervest.com\/de\/wp-json\/wp\/v2\/comments?post=3709"}],"version-history":[{"count":21,"href":"https:\/\/www.bettervest.com\/de\/wp-json\/wp\/v2\/pages\/3709\/revisions"}],"predecessor-version":[{"id":3733,"href":"https:\/\/www.bettervest.com\/de\/wp-json\/wp\/v2\/pages\/3709\/revisions\/3733"}],"wp:featuredmedia":[{"embeddable":true,"href":"https:\/\/www.bettervest.com\/de\/wp-json\/wp\/v2\/media\/21948"}],"wp:attachment":[{"href":"https:\/\/www.bettervest.com\/de\/wp-json\/wp\/v2\/media?parent=3709"}],"curies":[{"name":"wp","href":"https:\/\/api.w.org\/{rel}","templated":true}]}}