{"id":18,"date":"2017-02-03T02:44:57","date_gmt":"2017-02-03T01:44:57","guid":{"rendered":"https:\/\/www.bettervest.com\/?page_id=18"},"modified":"2020-01-23T11:57:51","modified_gmt":"2020-01-23T10:57:51","slug":"allgemeine-fragen","status":"publish","type":"page","link":"https:\/\/www.bettervest.com\/de\/allgemeine-fragen","title":{"rendered":"Allgemeine Fragen"},"content":{"rendered":"<p>[vc_row][vc_column width=&#8220;1\/6&#8243;][\/vc_column][vc_column width=&#8220;2\/3&#8243;][vc_toggle title=&#8220;Was ist bettervest?&#8220; style=&#8220;round_outline&#8220; color=&#8220;green&#8220; size=&#8220;lg&#8220; el_id=&#8220;1486087116846-ed19f425-01bb&#8220;]bettervest ist eine online Investitionsplattform f\u00fcr nachhaltige Geldanlagen, die zu einer lebenswerten Zukunft f\u00fcr Mensch und Planet beitragen.[\/vc_toggle][vc_toggle title=&#8220;Wie funktioniert bettervest? &#8220; style=&#8220;round_outline&#8220; color=&#8220;green&#8220; size=&#8220;lg&#8220; el_id=&#8220;1486087116846-ed19f425-01bb&#8220;]Die bettervest GmbH ist ein vertraglich gebundener Vermittler im Sinne des \u00a7 2 Abs. 10 Kreditwesengesetz (KWG) und wird bei der Vermittlung von Finanzinstrumenten ausschlie\u00dflich im Namen, auf Rechnung und unter der Haftung des Finanzdienstleistungsinstituts Effecta GmbH Florstadt, t\u00e4tig. Die Effecta GmbH ist ein KWG reguliertes Institut.<\/p>\n<p>Wir vermitteln Wertpapiere und Verm\u00f6gensanlagen zwischen Investoren und Emittenten (den Projektinhabern). Anleger k\u00f6nnen bei uns ihr Geld unkompliziert und zukunftsorientiert anlegen. Dabei besteht die M\u00f6glichkeit sowohl in Anleihen (Wertpapiere) als auch Nachrangdarlehen (Verm\u00f6gensanlagen) verschiedenster Emittenten zu investieren. So k\u00f6nnen Anleger ihr Portfolio streuen und haben die M\u00f6glichkeit auf attraktive Zinsen ohne jegliche Benachteiligung von Mensch und Planet. Projektinhaber wiederum erhalten \u00fcber unsere Plattform eine Finanzierung oder Teilfinanzierung, mit der sie sozial und \u00f6kologisch nachhaltige Ma\u00dfnahmen umsetzen z. B. den Kauf von Solarprodukten, die Installation eines effizienten Blockheizkraftwerks oder die energetische Sanierung einer Immobilie. Jedes Projekt erzeugt dabei entweder Kosteneineinsparungen oder generiert Einnahmen. Diese werden verwendet um die Kredite inklusive Zinsen zur\u00fcckzubezahlen.<\/p>\n<p>Der ganze Investitionsprozess wird online abgewickelt. Das ist schneller, kosteng\u00fcnstiger und spart jede Menge Papier und unn\u00f6tige Versandwege.[\/vc_toggle][vc_toggle title=&#8220;Wie verdient bettervest Geld?&#8220; style=&#8220;round_outline&#8220; color=&#8220;green&#8220; size=&#8220;lg&#8220; el_id=&#8220;1486087116846-ed19f425-01bb&#8220;]Es gibt viele nachhaltige und wirkungsvolle Projekte die darauf warten finanziert zu werden und viele Menschen, die ihr Geld f\u00fcr gute, sinnvolle Zwecke gewinnbringend einsetzen wollen. Wir schaffen einen Raum in dem Projektinhaber und Investoren aufeinandertreffen, um gemeinsam diese Finanzierungsl\u00fccke zu schlie\u00dfen. Wir liefern die technische Infrastruktur und das notwendige Know-How daf\u00fcr. Wir binden Treuh\u00e4nder und Zahlstellen ein, um den Geldfluss zu sch\u00fctzen, und sorgen f\u00fcr schlanke und reibungslose Prozesse.<\/p>\n<p>F\u00fcr den Emittenten fallen Geb\u00fchren f\u00fcr diese Vermittlung an. Informationen zu den Geb\u00fchren werden jedem Investor im Investitionsprozess vollst\u00e4ndig offengelegt.[\/vc_toggle][vc_toggle title=&#8220;Welche Nachhaltigkeits-Kriterien verfolgt bettervest?&#8220; style=&#8220;round_outline&#8220; color=&#8220;green&#8220; size=&#8220;lg&#8220; el_id=&#8220;1486087116846-ed19f425-01bb&#8220;]Bei bettervest steht Nachhaltigkeit nicht nur im Mittelpunkt, es ist Teil unserer DNA. Seit der Gr\u00fcndung im Jahr 2012 hat sich unser Fokus von CO2-Einsparungen auf Nachhaltigkeit im gro\u00dfen Ganzen ausgeweitet. Dabei haben wir uns gezielt die Nachhaltigkeitsziele der Vereinigten Nationen zur Mission gemacht.<\/p>\n<p>Bei der Auswahl unserer Projekte folgen wir stets strengen sozialen und \u00f6kologischen Kriterien. So stellen wir sicher, dass Sie ausschlie\u00dflich Projekte finanzieren, die zu einer lebenswerten Zukunft beitragen. Beispielsweise werden Projekte im Zusammenhang mit Massentierhaltung, Waffen und Tabak ausgeschlossen. Das Verbrennen von fossilen Energietr\u00e4gern wie Kohle und \u00d6l nat\u00fcrlich auch. Viel mehr aber konzentrieren wir uns auf positive Kriterien. In erster Linie m\u00fcssen Projekte eine positive Auswirkung auf Mensch, Umwelt und Klima haben. Dabei liegt unser Fokus auf dem schonenden Umgang mit Ressourcen wie Wasser oder Energie. Eine ausf\u00fchrliche Auflistung unserer Ein- und Ausschlusskriterien finden Sie in unserer <a href=\"https:\/\/www.bettervest.com\/wp-content\/uploads\/2019\/12\/2019_bettervest-Ethics-Policy_deutsch_21.12.2019.pdf\" target=\"_blank\" rel=\"noopener noreferrer\">Ethics Policy<\/a>.[\/vc_toggle][vc_toggle title=&#8220;Wie w\u00e4hlt bettervest Projekte aus?&#8220; style=&#8220;round_outline&#8220; color=&#8220;green&#8220; size=&#8220;lg&#8220; el_id=&#8220;1493799602308-55192551-4fc0&#8243;]Zum einen w\u00e4hlen wir unsere Projekte anhand unserer Nachhaltigkeits-Kriterien aus, diese sind in unserer Ethics Policy detailliert aufgelistet. Zum anderen durchl\u00e4uft jedes Projekt einen Projektauswahl-Prozess, bei welchem je nach Projekt ein externer Energieberater die energetische Ma\u00dfnahme beurteilt.[\/vc_toggle][vc_toggle title=&#8220;Welche Kompetenzen hat bettervest?&#8220; style=&#8220;round_outline&#8220; color=&#8220;green&#8220; size=&#8220;lg&#8220;]Das Gr\u00fcnderteam von bettervest hat verschiedenen Kompetenzen vorzuweisen, die f\u00fcr unser Gesch\u00e4ftsmodell wichtig sind: Zukunftsforschung und Kognitionswissenschaften, IT-Architektur und Software-Entwicklung sowie Ingenieurwesen im Bereich der erneuerbaren Energien und Entwicklungszusammenarbeit. Lernen Sie unser Team <a href=\"https:\/\/www.bettervest.com\/de\/ueber-bettervest\/\" target=\"_blank\" rel=\"noopener noreferrer\">hier<\/a> kennen.[\/vc_toggle][vc_toggle title=&#8220;In welchem Verh\u00e4ltnis steht bettervest zu Triodos?&#8220; style=&#8220;round_outline&#8220; color=&#8220;green&#8220; size=&#8220;lg&#8220;]Seit September 2018 sind die bettervest GmbH und die Triodos Bank Deutschland Kooperationspartner. Die Triodos wurde 1980 in den Niederlanden gegr\u00fcndet und ist mittlerweile Europas f\u00fchrende Nachhaltigkeitsbank mit Niederlassungen in den Niederlanden, Belgien, Spanien, Gro\u00dfbritannien und Deutschland sowie einer Repr\u00e4sentanz in Frankreich.<\/p>\n<p>Im Fokus dieser strategischen Partnerschaft steht vor allem die gemeinsame Ansprache von Privat- und Gesch\u00e4ftskunden im nachhaltigen Finanzbereich. Ein weiteres Ziel ist die gemeinsame Entwicklung neuartiger Finanzprodukte, die die St\u00e4rken einer Bank mit den M\u00f6glichkeiten einer digitalen Plattform vereinen. Mehr Informationen zum Hintergrund der Kooperation finden Sie auf unserer <a href=\"https:\/\/www.bettervest.com\/de\/triodos-bettervest-kooperation\/\" target=\"_blank\" rel=\"noopener noreferrer\">Kooperationsseite<\/a>.<\/p>\n<p>\u00dcber die Kooperation hinaus hat die Triodos Sustainable Finance Foundation, eine Stiftung, die von Triodos Investment Management (eine 100-prozentige Tochter der Triodos Bank) verwaltet wird, Anteile an bettervest gekauft. Die Beteiligung bel\u00e4uft sich auf unter 25 Prozent. Die Triodos Sustainable Finance Foundation finanziert Initiativen, die zum \u00dcbergang in eine nachhaltigere Welt beitragen und hat sich beispielsweise schon an der niederl\u00e4ndischen Investitionsplattform \u201eDuurzaaminvesteren.nl\u201c beteiligt.[\/vc_toggle][vc_toggle title=&#8220;Wie l\u00e4uft die Zusammenarbeit mit dem Haftungsdach Effecta?&#8220; style=&#8220;round_outline&#8220; color=&#8220;green&#8220; size=&#8220;lg&#8220;]Seit Dezember 2019 ist bettervest ein sogenannter gebundener Vermittler unter dem Haftungsdach der Effecta GmbH. Die bettervest GmbH, Frankfurt am Main, als Betreiberin der Plattform bettervest.com handelt bei der Anlagevermittlung als \u201evertraglich gebundener Vermittler\u201c im Sinne des \u00a7 2 Abs. 10 Kreditwesengesetz und wird dabei ausschlie\u00dflich im Namen, f\u00fcr Rechnung und unter der Haftung der Effecta GmbH, Florstadt, t\u00e4tig.<\/p>\n<p>Wir achten dabei weiterhin darauf, dass die Projekte anhand unserer strengen sozio-\u00f6kologischen und \u00f6konomischen Kriterien auf unserer Plattform dargestellt werden. Auch Anleger investieren weiterhin \u00fcber die Plattform bettervest.com, m\u00fcssen aber nach Vorgabe des Geldw\u00e4schegesetzes zun\u00e4chst ein Identifizierungsverfahren durchlaufen (online \u00fcber den Service der Deutschen Post), wie man es z. B. auch bei der Er\u00f6ffnung eines Bankkontos macht.<\/p>\n<p>Alle auf bettervest.com erhobenen Daten werden nur im Rahmen der gesetzlichen Auflagen an Effecta weitergegeben und werden nicht zu werblichen oder sonstigen Zwecken genutzt.[\/vc_toggle][\/vc_column][vc_column width=&#8220;1\/6&#8243;][\/vc_column][\/vc_row]<\/p>\n","protected":false},"excerpt":{"rendered":"<p>[vc_row][vc_column width=&#8220;1\/6&#8243;][\/vc_column][vc_column width=&#8220;2\/3&#8243;][vc_toggle title=&#8220;Was ist bettervest?&#8220; style=&#8220;round_outline&#8220; color=&#8220;green&#8220; size=&#8220;lg&#8220; el_id=&#8220;1486087116846-ed19f425-01bb&#8220;]bettervest ist eine online Investitionsplattform f\u00fcr nachhaltige Geldanlagen, die zu einer lebenswerten Zukunft f\u00fcr Mensch und Planet beitragen.[\/vc_toggle][vc_toggle title=&#8220;Wie funktioniert bettervest? &#8220; style=&#8220;round_outline&#8220; color=&#8220;green&#8220; size=&#8220;lg&#8220; el_id=&#8220;1486087116846-ed19f425-01bb&#8220;]Die bettervest GmbH ist ein vertraglich gebundener Vermittler im Sinne des \u00a7 2 Abs. 10 Kreditwesengesetz (KWG) und wird bei der [&hellip;]<\/p>\n","protected":false},"author":1,"featured_media":21948,"parent":0,"menu_order":0,"comment_status":"closed","ping_status":"closed","template":"","meta":{"inline_featured_image":false,"ocean_post_layout":"","ocean_both_sidebars_style":"","ocean_both_sidebars_content_width":0,"ocean_both_sidebars_sidebars_width":0,"ocean_sidebar":"","ocean_second_sidebar":"","ocean_disable_margins":"enable","ocean_add_body_class":"","ocean_shortcode_before_top_bar":"","ocean_shortcode_after_top_bar":"","ocean_shortcode_before_header":"","ocean_shortcode_after_header":"","ocean_has_shortcode":"","ocean_shortcode_after_title":"","ocean_shortcode_before_footer_widgets":"","ocean_shortcode_after_footer_widgets":"","ocean_shortcode_before_footer_bottom":"","ocean_shortcode_after_footer_bottom":"","ocean_display_top_bar":"default","ocean_display_header":"default","ocean_header_style":"","ocean_center_header_left_menu":"","ocean_custom_header_template":"","ocean_custom_logo":0,"ocean_custom_retina_logo":0,"ocean_custom_logo_max_width":0,"ocean_custom_logo_tablet_max_width":0,"ocean_custom_logo_mobile_max_width":0,"ocean_custom_logo_max_height":0,"ocean_custom_logo_tablet_max_height":0,"ocean_custom_logo_mobile_max_height":0,"ocean_header_custom_menu":"","ocean_menu_typo_font_family":"","ocean_menu_typo_font_subset":"","ocean_menu_typo_font_size":0,"ocean_menu_typo_font_size_tablet":0,"ocean_menu_typo_font_size_mobile":0,"ocean_menu_typo_font_size_unit":"px","ocean_menu_typo_font_weight":"","ocean_menu_typo_font_weight_tablet":"","ocean_menu_typo_font_weight_mobile":"","ocean_menu_typo_transform":"","ocean_menu_typo_transform_tablet":"","ocean_menu_typo_transform_mobile":"","ocean_menu_typo_line_height":0,"ocean_menu_typo_line_height_tablet":0,"ocean_menu_typo_line_height_mobile":0,"ocean_menu_typo_line_height_unit":"","ocean_menu_typo_spacing":0,"ocean_menu_typo_spacing_tablet":0,"ocean_menu_typo_spacing_mobile":0,"ocean_menu_typo_spacing_unit":"","ocean_menu_link_color":"","ocean_menu_link_color_hover":"","ocean_menu_link_color_active":"","ocean_menu_link_background":"","ocean_menu_link_hover_background":"","ocean_menu_link_active_background":"","ocean_menu_social_links_bg":"","ocean_menu_social_hover_links_bg":"","ocean_menu_social_links_color":"","ocean_menu_social_hover_links_color":"","ocean_disable_title":"default","ocean_disable_heading":"default","ocean_post_title":"","ocean_post_subheading":"","ocean_post_title_style":"","ocean_post_title_background_color":"","ocean_post_title_background":0,"ocean_post_title_bg_image_position":"","ocean_post_title_bg_image_attachment":"","ocean_post_title_bg_image_repeat":"","ocean_post_title_bg_image_size":"","ocean_post_title_height":0,"ocean_post_title_bg_overlay":0.5,"ocean_post_title_bg_overlay_color":"","ocean_disable_breadcrumbs":"default","ocean_breadcrumbs_color":"","ocean_breadcrumbs_separator_color":"","ocean_breadcrumbs_links_color":"","ocean_breadcrumbs_links_hover_color":"","ocean_display_footer_widgets":"default","ocean_display_footer_bottom":"default","ocean_custom_footer_template":"","footnotes":""},"class_list":["post-18","page","type-page","status-publish","has-post-thumbnail","hentry","entry","has-media"],"yoast_head":"<!-- This site is optimized with the Yoast SEO plugin v26.1 - https:\/\/yoast.com\/wordpress\/plugins\/seo\/ -->\n<title>Allgemeine Fragen - bettervest<\/title>\n<meta name=\"description\" content=\"Wie funktioniert bettervest? Welche Kompetenzen hat bettervest? Welche Nachhaltigkeitskriterien verfolgt bettervest? Wir beantworten Ihre Fragen.\" \/>\n<meta name=\"robots\" content=\"index, follow, max-snippet:-1, max-image-preview:large, max-video-preview:-1\" \/>\n<link rel=\"canonical\" href=\"https:\/\/www.bettervest.com\/de\/allgemeine-fragen\" \/>\n<meta property=\"og:locale\" content=\"de_DE\" \/>\n<meta property=\"og:type\" content=\"article\" \/>\n<meta property=\"og:title\" content=\"Allgemeine Fragen - bettervest\" \/>\n<meta property=\"og:description\" content=\"Wie funktioniert bettervest? Welche Kompetenzen hat bettervest? Welche Nachhaltigkeitskriterien verfolgt bettervest? Wir beantworten Ihre Fragen.\" \/>\n<meta property=\"og:url\" content=\"https:\/\/www.bettervest.com\/de\/allgemeine-fragen\" \/>\n<meta property=\"og:site_name\" content=\"bettervest\" \/>\n<meta property=\"article:publisher\" content=\"https:\/\/www.facebook.com\/bettervest\/\" \/>\n<meta property=\"article:modified_time\" content=\"2020-01-23T10:57:51+00:00\" \/>\n<meta name=\"twitter:card\" content=\"summary_large_image\" \/>\n<meta name=\"twitter:site\" content=\"@bettervest\" \/>\n<meta name=\"twitter:label1\" content=\"Gesch\u00e4tzte Lesezeit\" \/>\n\t<meta name=\"twitter:data1\" content=\"5\u00a0Minuten\" \/>\n<script type=\"application\/ld+json\" class=\"yoast-schema-graph\">{\"@context\":\"https:\/\/schema.org\",\"@graph\":[{\"@type\":\"WebPage\",\"@id\":\"https:\/\/www.bettervest.com\/de\/allgemeine-fragen\",\"url\":\"https:\/\/www.bettervest.com\/de\/allgemeine-fragen\",\"name\":\"Allgemeine Fragen - bettervest\",\"isPartOf\":{\"@id\":\"https:\/\/www.bettervest.com\/de\/#website\"},\"primaryImageOfPage\":{\"@id\":\"https:\/\/www.bettervest.com\/de\/allgemeine-fragen#primaryimage\"},\"image\":{\"@id\":\"https:\/\/www.bettervest.com\/de\/allgemeine-fragen#primaryimage\"},\"thumbnailUrl\":\"https:\/\/www.bettervest.com\/wp-content\/uploads\/2021\/05\/2021_v3_1226x311.png\",\"datePublished\":\"2017-02-03T01:44:57+00:00\",\"dateModified\":\"2020-01-23T10:57:51+00:00\",\"description\":\"Wie funktioniert bettervest? Welche Kompetenzen hat bettervest? Welche Nachhaltigkeitskriterien verfolgt bettervest? Wir beantworten Ihre Fragen.\",\"breadcrumb\":{\"@id\":\"https:\/\/www.bettervest.com\/de\/allgemeine-fragen#breadcrumb\"},\"inLanguage\":\"de\",\"potentialAction\":[{\"@type\":\"ReadAction\",\"target\":[\"https:\/\/www.bettervest.com\/de\/allgemeine-fragen\"]}]},{\"@type\":\"ImageObject\",\"inLanguage\":\"de\",\"@id\":\"https:\/\/www.bettervest.com\/de\/allgemeine-fragen#primaryimage\",\"url\":\"https:\/\/www.bettervest.com\/wp-content\/uploads\/2021\/05\/2021_v3_1226x311.png\",\"contentUrl\":\"https:\/\/www.bettervest.com\/wp-content\/uploads\/2021\/05\/2021_v3_1226x311.png\",\"width\":1226,\"height\":311,\"caption\":\"bettervest\"},{\"@type\":\"BreadcrumbList\",\"@id\":\"https:\/\/www.bettervest.com\/de\/allgemeine-fragen#breadcrumb\",\"itemListElement\":[{\"@type\":\"ListItem\",\"position\":1,\"name\":\"Startseite\",\"item\":\"https:\/\/www.bettervest.com\/de\"},{\"@type\":\"ListItem\",\"position\":2,\"name\":\"Allgemeine Fragen\"}]},{\"@type\":\"WebSite\",\"@id\":\"https:\/\/www.bettervest.com\/de\/#website\",\"url\":\"https:\/\/www.bettervest.com\/de\/\",\"name\":\"bettervest\",\"description\":\"Crowdfunding - nachhaltig effizient rentabel\",\"publisher\":{\"@id\":\"https:\/\/www.bettervest.com\/de\/#organization\"},\"potentialAction\":[{\"@type\":\"SearchAction\",\"target\":{\"@type\":\"EntryPoint\",\"urlTemplate\":\"https:\/\/www.bettervest.com\/de\/?s={search_term_string}\"},\"query-input\":{\"@type\":\"PropertyValueSpecification\",\"valueRequired\":true,\"valueName\":\"search_term_string\"}}],\"inLanguage\":\"de\"},{\"@type\":\"Organization\",\"@id\":\"https:\/\/www.bettervest.com\/de\/#organization\",\"name\":\"bettervest.com\",\"url\":\"https:\/\/www.bettervest.com\/de\/\",\"logo\":{\"@type\":\"ImageObject\",\"inLanguage\":\"de\",\"@id\":\"https:\/\/www.bettervest.com\/de\/#\/schema\/logo\/image\/\",\"url\":\"https:\/\/www.bettervest.com\/wp-content\/uploads\/2021\/05\/cropped-2021_v3_1226x311.png\",\"contentUrl\":\"https:\/\/www.bettervest.com\/wp-content\/uploads\/2021\/05\/cropped-2021_v3_1226x311.png\",\"width\":1226,\"height\":311,\"caption\":\"bettervest.com\"},\"image\":{\"@id\":\"https:\/\/www.bettervest.com\/de\/#\/schema\/logo\/image\/\"},\"sameAs\":[\"https:\/\/www.facebook.com\/bettervest\/\",\"https:\/\/x.com\/bettervest\",\"https:\/\/www.linkedin.com\/company-beta\/4998550\/\",\"https:\/\/www.youtube.com\/bettervest\"]}]}<\/script>\n<!-- \/ Yoast SEO plugin. -->","yoast_head_json":{"title":"Allgemeine Fragen - bettervest","description":"Wie funktioniert bettervest? Welche Kompetenzen hat bettervest? Welche Nachhaltigkeitskriterien verfolgt bettervest? Wir beantworten Ihre Fragen.","robots":{"index":"index","follow":"follow","max-snippet":"max-snippet:-1","max-image-preview":"max-image-preview:large","max-video-preview":"max-video-preview:-1"},"canonical":"https:\/\/www.bettervest.com\/de\/allgemeine-fragen","og_locale":"de_DE","og_type":"article","og_title":"Allgemeine Fragen - bettervest","og_description":"Wie funktioniert bettervest? Welche Kompetenzen hat bettervest? Welche Nachhaltigkeitskriterien verfolgt bettervest? Wir beantworten Ihre Fragen.","og_url":"https:\/\/www.bettervest.com\/de\/allgemeine-fragen","og_site_name":"bettervest","article_publisher":"https:\/\/www.facebook.com\/bettervest\/","article_modified_time":"2020-01-23T10:57:51+00:00","twitter_card":"summary_large_image","twitter_site":"@bettervest","twitter_misc":{"Gesch\u00e4tzte Lesezeit":"5\u00a0Minuten"},"schema":{"@context":"https:\/\/schema.org","@graph":[{"@type":"WebPage","@id":"https:\/\/www.bettervest.com\/de\/allgemeine-fragen","url":"https:\/\/www.bettervest.com\/de\/allgemeine-fragen","name":"Allgemeine Fragen - bettervest","isPartOf":{"@id":"https:\/\/www.bettervest.com\/de\/#website"},"primaryImageOfPage":{"@id":"https:\/\/www.bettervest.com\/de\/allgemeine-fragen#primaryimage"},"image":{"@id":"https:\/\/www.bettervest.com\/de\/allgemeine-fragen#primaryimage"},"thumbnailUrl":"https:\/\/www.bettervest.com\/wp-content\/uploads\/2021\/05\/2021_v3_1226x311.png","datePublished":"2017-02-03T01:44:57+00:00","dateModified":"2020-01-23T10:57:51+00:00","description":"Wie funktioniert bettervest? Welche Kompetenzen hat bettervest? Welche Nachhaltigkeitskriterien verfolgt bettervest? Wir beantworten Ihre Fragen.","breadcrumb":{"@id":"https:\/\/www.bettervest.com\/de\/allgemeine-fragen#breadcrumb"},"inLanguage":"de","potentialAction":[{"@type":"ReadAction","target":["https:\/\/www.bettervest.com\/de\/allgemeine-fragen"]}]},{"@type":"ImageObject","inLanguage":"de","@id":"https:\/\/www.bettervest.com\/de\/allgemeine-fragen#primaryimage","url":"https:\/\/www.bettervest.com\/wp-content\/uploads\/2021\/05\/2021_v3_1226x311.png","contentUrl":"https:\/\/www.bettervest.com\/wp-content\/uploads\/2021\/05\/2021_v3_1226x311.png","width":1226,"height":311,"caption":"bettervest"},{"@type":"BreadcrumbList","@id":"https:\/\/www.bettervest.com\/de\/allgemeine-fragen#breadcrumb","itemListElement":[{"@type":"ListItem","position":1,"name":"Startseite","item":"https:\/\/www.bettervest.com\/de"},{"@type":"ListItem","position":2,"name":"Allgemeine Fragen"}]},{"@type":"WebSite","@id":"https:\/\/www.bettervest.com\/de\/#website","url":"https:\/\/www.bettervest.com\/de\/","name":"bettervest","description":"Crowdfunding - nachhaltig effizient rentabel","publisher":{"@id":"https:\/\/www.bettervest.com\/de\/#organization"},"potentialAction":[{"@type":"SearchAction","target":{"@type":"EntryPoint","urlTemplate":"https:\/\/www.bettervest.com\/de\/?s={search_term_string}"},"query-input":{"@type":"PropertyValueSpecification","valueRequired":true,"valueName":"search_term_string"}}],"inLanguage":"de"},{"@type":"Organization","@id":"https:\/\/www.bettervest.com\/de\/#organization","name":"bettervest.com","url":"https:\/\/www.bettervest.com\/de\/","logo":{"@type":"ImageObject","inLanguage":"de","@id":"https:\/\/www.bettervest.com\/de\/#\/schema\/logo\/image\/","url":"https:\/\/www.bettervest.com\/wp-content\/uploads\/2021\/05\/cropped-2021_v3_1226x311.png","contentUrl":"https:\/\/www.bettervest.com\/wp-content\/uploads\/2021\/05\/cropped-2021_v3_1226x311.png","width":1226,"height":311,"caption":"bettervest.com"},"image":{"@id":"https:\/\/www.bettervest.com\/de\/#\/schema\/logo\/image\/"},"sameAs":["https:\/\/www.facebook.com\/bettervest\/","https:\/\/x.com\/bettervest","https:\/\/www.linkedin.com\/company-beta\/4998550\/","https:\/\/www.youtube.com\/bettervest"]}]}},"_links":{"self":[{"href":"https:\/\/www.bettervest.com\/de\/wp-json\/wp\/v2\/pages\/18","targetHints":{"allow":["GET"]}}],"collection":[{"href":"https:\/\/www.bettervest.com\/de\/wp-json\/wp\/v2\/pages"}],"about":[{"href":"https:\/\/www.bettervest.com\/de\/wp-json\/wp\/v2\/types\/page"}],"author":[{"embeddable":true,"href":"https:\/\/www.bettervest.com\/de\/wp-json\/wp\/v2\/users\/1"}],"replies":[{"embeddable":true,"href":"https:\/\/www.bettervest.com\/de\/wp-json\/wp\/v2\/comments?post=18"}],"version-history":[{"count":27,"href":"https:\/\/www.bettervest.com\/de\/wp-json\/wp\/v2\/pages\/18\/revisions"}],"predecessor-version":[{"id":16806,"href":"https:\/\/www.bettervest.com\/de\/wp-json\/wp\/v2\/pages\/18\/revisions\/16806"}],"wp:featuredmedia":[{"embeddable":true,"href":"https:\/\/www.bettervest.com\/de\/wp-json\/wp\/v2\/media\/21948"}],"wp:attachment":[{"href":"https:\/\/www.bettervest.com\/de\/wp-json\/wp\/v2\/media?parent=18"}],"curies":[{"name":"wp","href":"https:\/\/api.w.org\/{rel}","templated":true}]}}