{"id":14848,"date":"2019-08-27T13:10:36","date_gmt":"2019-08-27T11:10:36","guid":{"rendered":"https:\/\/www.bettervest.com\/iclei-bettervest-cooperation\/"},"modified":"2022-03-17T14:31:47","modified_gmt":"2022-03-17T13:31:47","slug":"iclei-cooperation","status":"publish","type":"page","link":"https:\/\/www.bettervest.com\/de\/iclei-cooperation","title":{"rendered":"ICLEI Kooperation"},"content":{"rendered":"<p>Strategische Partnerschaft<\/p>\n<p>bettervest und ICLEI f\u00f6rdern gemeinsam<br \/>\ndie nachhaltige Entwicklung von St\u00e4dten und Kommunen\t\t<\/p>\n<p><strong>ICLEI &#8211; Local Governments for Sustainability <\/strong>ist ein globales Netzwerk von mehr als 1.750 lokalen und regionalen Regierungen, die sich f\u00fcr eine nachhaltige Stadtentwicklung einsetzen. ICLEI ist in \u00fcber 100 L\u00e4ndern aktiv, beeinflusst dort die Nachhaltigkeitspolitik und treibt lokale Ma\u00dfnahmen f\u00fcr eine emissionsarme, naturnahe, gerechte, robuste und zirkul\u00e4re Entwicklung voran. Das Transformative Actions Program (TAP) des Netzwerks fungiert als Inkubator f\u00fcr lokale Klimaprojekte von lokalen und regionalen Regierungen.<\/p>\n<p><strong>Hintergrund<\/strong><\/p>\n<p>Der Klimawandel ist wom\u00f6glich einer der gr\u00f6\u00dften Herausforderungen, vor dem die Menschheit je stand. St\u00e4dte und Kommunen sind in der bemerkenswerten Lage diesem Problem gegenzusteuern, denn in dicht besiedelten Gebieten konzentriert sich der Ressourcenverbrauch und erzielen L\u00f6sungsans\u00e4tze zeitgleich den h\u00f6chsten Impact.<br \/>St\u00e4dtische Klimaschutzma\u00dfnahmen bergen ein enormes Potenzial, doch f\u00fcr die Finanzierung solcher Ma\u00dfnahmen werden nicht gen\u00fcgend Finanzmittel zur Verf\u00fcgung gestellt. Bei der klimafreundlichen Entwicklung von St\u00e4dten besteht zwischen der Nachfrage nach Finanzierungen und den tats\u00e4chlich get\u00e4tigten Investitionen in der klimafreundlichen Stadtentwicklung eine gro\u00dfe L\u00fccke. W\u00e4hrend die International Finance Corporation sch\u00e4tzt, dass es weltweit zwar etwa 22,3 Billionen Dollar (IFC 2016) an &#8222;klimaschonendem Investitionspotenzial&#8220; gibt, berichtet die globale Managementfirma McKinsey, dass nur 3 Billionen Dollar tats\u00e4chlich investiert wurden (2018)ICLEI und bettervest b\u00fcndeln ihre Kr\u00e4fte um diese L\u00fccke zu schlie\u00dfen, die globale Energiewende zu f\u00f6rdern und eine lebenswerte Zukunft zu erm\u00f6glichen.<\/p>\n<p>\t\t\t\t\t\t\t\t\t\t\t\t<img loading=\"lazy\" decoding=\"async\" width=\"768\" height=\"719\" src=\"https:\/\/www.bettervest.com\/wp-content\/uploads\/2022\/01\/Klimafreundliches-Investitionspotenzial-1-768x719.png\" alt=\"\" loading=\"lazy\" srcset=\"https:\/\/www.bettervest.com\/wp-content\/uploads\/2022\/01\/Klimafreundliches-Investitionspotenzial-1-768x719.png 768w, https:\/\/www.bettervest.com\/wp-content\/uploads\/2022\/01\/Klimafreundliches-Investitionspotenzial-1-300x281.png 300w, https:\/\/www.bettervest.com\/wp-content\/uploads\/2022\/01\/Klimafreundliches-Investitionspotenzial-1.png 914w\" sizes=\"auto, (max-width: 768px) 100vw, 768px\" \/>\t\t\t\t\t\t\t\t\t\t\t\t\t\t<\/p>\n<p><strong>Ziel der Zusammenarbeit<\/strong><\/p>\n<p>Diese strategische Partnerschaft hat zum Ziel, das Potenzial von privatem Kapital zu nutzen, um auf regionaler und lokaler Ebene Klimaschutzma\u00dfnahmen zu realisieren. Globale Ziele bilden das R\u00fcckgrat des Klimaschutzes. Klimaschutzma\u00dfnahmen sind dabei in erster Linie auf nationaler Ebene ausgerichtet. Wir sind jedoch der Ansicht, dass nicht nur nationale, sondern auch regionale und lokale Regierungen eine entscheidende Rolle bei der Bek\u00e4mpfung des Klimawandels spielen. Durch die Erschlie\u00dfung des privaten Finanzsektors kann das Potenzial f\u00fcr eine wirksame und nachhaltige lokale und regionale Dekarbonisierung erschlossen werden. Die Kopplung des innovativen Crowdinvesting-Ansatzes von bettervest mit dem Transformative Actions Program (TAP) schafft genau das. Das TAP unterst\u00fctzt lokale und regionale Regierungen dabei, Vorschl\u00e4ge f\u00fcr Klimaschutzma\u00dfnahmen in risikoarme, machbare und wirkungsvolle Projekte umzusetzen. Sobald die Projekte klar definiert und geplant sind, bietet bettervest Expertise \u00fcber Bankf\u00e4higkeit und stellt eine alternative Finanzierungsquelle dar.<\/p>\n<p>\u00a0<\/p>\n<p><strong>Nachhaltige Entwicklungsziele der UN<\/strong><\/p>\n<p>Hinter dieser strategischen Partnerschaft steckt eine eindeutige Mission: Die F\u00f6rderung einer nachhaltigen und klimaresistenten Entwicklung, um so eine lebenswerte Zukunft zu erm\u00f6glichen.<\/p>\n<p>\t\tErfahren Sie mehr dar\u00fcber, wie ICLEI die St\u00e4dte von morgen gestaltet!<br \/>\n\t\t\t<a href=\"https:\/\/iclei.org\/en\/Home.html\" target=\"_blank\" role=\"button\" rel=\"noopener\"><br \/>\n\t\t\t\t\t\tZur ICLEI Webseite<br \/>\n\t\t\t\t\t<\/a><\/p>\n<p>Immer die neusten Impact-News?<\/p>\n<p>Jetzt zum Newsletter anmelden:<\/p>\n<p>\t\t\t<iframe frameborder=\"0\" scrolling=\"no\" marginheight=\"0\" marginwidth=\"0\" src=\"https:\/\/app.mailjet.com\/widget\/iframe\/3TWq\/LG7\" width=\"100%\"><\/iframe><br \/>\n\t\t\t\t\t\t\t\t\t\t\t\t<img loading=\"lazy\" decoding=\"async\" width=\"150\" height=\"150\" src=\"https:\/\/www.bettervest.com\/wp-content\/uploads\/2022\/01\/siegel_bvcf_transPlattform_bettervest_2021-300x300-1-150x150.png\" alt=\"\" loading=\"lazy\" srcset=\"https:\/\/www.bettervest.com\/wp-content\/uploads\/2022\/01\/siegel_bvcf_transPlattform_bettervest_2021-300x300-1-150x150.png 150w, https:\/\/www.bettervest.com\/wp-content\/uploads\/2022\/01\/siegel_bvcf_transPlattform_bettervest_2021-300x300-1.png 300w\" sizes=\"auto, (max-width: 150px) 100vw, 150px\" \/>\t\t\t\t\t\t\t\t\t\t\t\t\t\t<\/p>\n<p>Fragen, Anregungen, Kritik?<\/p>\n<p>Wir h\u00f6ren Ihnen zu.<\/p>\n<p>\t\t\t<a href=\"https:\/\/www.bettervest.com\/de\/kontakt-2\" target=\"_blank\" role=\"button\" rel=\"noopener\"><br \/>\n\t\t\t\t\t\tKontakt<br \/>\n\t\t\t\t\t<\/a><br \/>\n\t\t\t\t\t<a href=\"https:\/\/www.facebook.com\/bettervest\/\" target=\"_blank\" rel=\"noopener\"><br \/>\n\t\t\t\t\t\tFacebook<br \/>\n\t\t\t\t\t\t\t\t\t\t\t<\/a><br \/>\n\t\t\t\t\t<a href=\"https:\/\/www.youtube.com\/bettervest\" target=\"_blank\" rel=\"noopener\"><br \/>\n\t\t\t\t\t\tYoutube<br \/>\n\t\t\t\t\t\t\t\t\t\t\t<\/a><br \/>\n\t\t\t\t\t<a href=\"https:\/\/www.instagram.com\/bettervest\/\" target=\"_blank\" rel=\"noopener\"><br \/>\n\t\t\t\t\t\tInstagram<br \/>\n\t\t\t\t\t\t\t\t\t\t\t<\/a><br \/>\n\t\t\t\t\t<a href=\"https:\/\/www.linkedin.com\/company\/bettervest-gmbh\" target=\"_blank\" rel=\"noopener\"><br \/>\n\t\t\t\t\t\tLinkedin<br \/>\n\t\t\t\t\t\t\t\t\t\t\t<\/a><\/p>\n","protected":false},"excerpt":{"rendered":"<p>Strategische Partnerschaft bettervest und ICLEI f\u00f6rdern gemeinsam die nachhaltige Entwicklung von St\u00e4dten und Kommunen ICLEI &#8211; Local Governments for Sustainability ist ein globales Netzwerk von mehr als 1.750 lokalen und regionalen Regierungen, die sich f\u00fcr eine nachhaltige Stadtentwicklung einsetzen. ICLEI ist in \u00fcber 100 L\u00e4ndern aktiv, beeinflusst dort die Nachhaltigkeitspolitik und treibt lokale Ma\u00dfnahmen f\u00fcr [&hellip;]<\/p>\n","protected":false},"author":2,"featured_media":21948,"parent":0,"menu_order":0,"comment_status":"closed","ping_status":"closed","template":"","meta":{"inline_featured_image":false,"ocean_post_layout":"","ocean_both_sidebars_style":"","ocean_both_sidebars_content_width":0,"ocean_both_sidebars_sidebars_width":0,"ocean_sidebar":"","ocean_second_sidebar":"","ocean_disable_margins":"enable","ocean_add_body_class":"","ocean_shortcode_before_top_bar":"","ocean_shortcode_after_top_bar":"","ocean_shortcode_before_header":"","ocean_shortcode_after_header":"","ocean_has_shortcode":"","ocean_shortcode_after_title":"","ocean_shortcode_before_footer_widgets":"","ocean_shortcode_after_footer_widgets":"","ocean_shortcode_before_footer_bottom":"","ocean_shortcode_after_footer_bottom":"","ocean_display_top_bar":"default","ocean_display_header":"default","ocean_header_style":"","ocean_center_header_left_menu":"","ocean_custom_header_template":"","ocean_custom_logo":0,"ocean_custom_retina_logo":0,"ocean_custom_logo_max_width":0,"ocean_custom_logo_tablet_max_width":0,"ocean_custom_logo_mobile_max_width":0,"ocean_custom_logo_max_height":0,"ocean_custom_logo_tablet_max_height":0,"ocean_custom_logo_mobile_max_height":0,"ocean_header_custom_menu":"","ocean_menu_typo_font_family":"","ocean_menu_typo_font_subset":"","ocean_menu_typo_font_size":0,"ocean_menu_typo_font_size_tablet":0,"ocean_menu_typo_font_size_mobile":0,"ocean_menu_typo_font_size_unit":"px","ocean_menu_typo_font_weight":"","ocean_menu_typo_font_weight_tablet":"","ocean_menu_typo_font_weight_mobile":"","ocean_menu_typo_transform":"","ocean_menu_typo_transform_tablet":"","ocean_menu_typo_transform_mobile":"","ocean_menu_typo_line_height":0,"ocean_menu_typo_line_height_tablet":0,"ocean_menu_typo_line_height_mobile":0,"ocean_menu_typo_line_height_unit":"","ocean_menu_typo_spacing":0,"ocean_menu_typo_spacing_tablet":0,"ocean_menu_typo_spacing_mobile":0,"ocean_menu_typo_spacing_unit":"","ocean_menu_link_color":"","ocean_menu_link_color_hover":"","ocean_menu_link_color_active":"","ocean_menu_link_background":"","ocean_menu_link_hover_background":"","ocean_menu_link_active_background":"","ocean_menu_social_links_bg":"","ocean_menu_social_hover_links_bg":"","ocean_menu_social_links_color":"","ocean_menu_social_hover_links_color":"","ocean_disable_title":"default","ocean_disable_heading":"default","ocean_post_title":"","ocean_post_subheading":"","ocean_post_title_style":"","ocean_post_title_background_color":"","ocean_post_title_background":0,"ocean_post_title_bg_image_position":"","ocean_post_title_bg_image_attachment":"","ocean_post_title_bg_image_repeat":"","ocean_post_title_bg_image_size":"","ocean_post_title_height":0,"ocean_post_title_bg_overlay":0.5,"ocean_post_title_bg_overlay_color":"","ocean_disable_breadcrumbs":"default","ocean_breadcrumbs_color":"","ocean_breadcrumbs_separator_color":"","ocean_breadcrumbs_links_color":"","ocean_breadcrumbs_links_hover_color":"","ocean_display_footer_widgets":"default","ocean_display_footer_bottom":"default","ocean_custom_footer_template":"","footnotes":""},"class_list":["post-14848","page","type-page","status-publish","has-post-thumbnail","hentry","entry","has-media"],"yoast_head":"<!-- This site is optimized with the Yoast SEO plugin v26.1 - https:\/\/yoast.com\/wordpress\/plugins\/seo\/ -->\n<title>ICLEI Kooperation - bettervest<\/title>\n<meta name=\"description\" content=\"Strategische Partnerschaft - bettervest and ICLEI b\u00fcndeln ihre Kr\u00e4fte um gemeinsam die nachhaltige Entwicklung von St\u00e4dten und Kommunen zu f\u00f6rdern.\" \/>\n<meta name=\"robots\" content=\"index, follow, max-snippet:-1, max-image-preview:large, max-video-preview:-1\" \/>\n<link rel=\"canonical\" href=\"https:\/\/www.bettervest.com\/de\/iclei-cooperation\" \/>\n<meta property=\"og:locale\" content=\"de_DE\" \/>\n<meta property=\"og:type\" content=\"article\" \/>\n<meta property=\"og:title\" content=\"ICLEI Kooperation - bettervest\" \/>\n<meta property=\"og:description\" content=\"Strategische Partnerschaft - bettervest and ICLEI b\u00fcndeln ihre Kr\u00e4fte um gemeinsam die nachhaltige Entwicklung von St\u00e4dten und Kommunen zu f\u00f6rdern.\" \/>\n<meta property=\"og:url\" content=\"https:\/\/www.bettervest.com\/de\/iclei-cooperation\" \/>\n<meta property=\"og:site_name\" content=\"bettervest\" \/>\n<meta property=\"article:publisher\" content=\"https:\/\/www.facebook.com\/bettervest\/\" \/>\n<meta property=\"article:modified_time\" content=\"2022-03-17T13:31:47+00:00\" \/>\n<meta property=\"og:image\" content=\"https:\/\/www.bettervest.com\/wp-content\/uploads\/2022\/01\/Klimafreundliches-Investitionspotenzial-1-768x719.png\" \/>\n<meta name=\"twitter:card\" content=\"summary_large_image\" \/>\n<meta name=\"twitter:site\" content=\"@bettervest\" \/>\n<script type=\"application\/ld+json\" class=\"yoast-schema-graph\">{\"@context\":\"https:\/\/schema.org\",\"@graph\":[{\"@type\":\"WebPage\",\"@id\":\"https:\/\/www.bettervest.com\/de\/iclei-cooperation\",\"url\":\"https:\/\/www.bettervest.com\/de\/iclei-cooperation\",\"name\":\"ICLEI Kooperation - bettervest\",\"isPartOf\":{\"@id\":\"https:\/\/www.bettervest.com\/de\/#website\"},\"primaryImageOfPage\":{\"@id\":\"https:\/\/www.bettervest.com\/de\/iclei-cooperation#primaryimage\"},\"image\":{\"@id\":\"https:\/\/www.bettervest.com\/de\/iclei-cooperation#primaryimage\"},\"thumbnailUrl\":\"https:\/\/www.bettervest.com\/wp-content\/uploads\/2021\/05\/2021_v3_1226x311.png\",\"datePublished\":\"2019-08-27T11:10:36+00:00\",\"dateModified\":\"2022-03-17T13:31:47+00:00\",\"description\":\"Strategische Partnerschaft - bettervest and ICLEI b\u00fcndeln ihre Kr\u00e4fte um gemeinsam die nachhaltige Entwicklung von St\u00e4dten und Kommunen zu f\u00f6rdern.\",\"breadcrumb\":{\"@id\":\"https:\/\/www.bettervest.com\/de\/iclei-cooperation#breadcrumb\"},\"inLanguage\":\"de\",\"potentialAction\":[{\"@type\":\"ReadAction\",\"target\":[\"https:\/\/www.bettervest.com\/de\/iclei-cooperation\"]}]},{\"@type\":\"ImageObject\",\"inLanguage\":\"de\",\"@id\":\"https:\/\/www.bettervest.com\/de\/iclei-cooperation#primaryimage\",\"url\":\"https:\/\/www.bettervest.com\/wp-content\/uploads\/2021\/05\/2021_v3_1226x311.png\",\"contentUrl\":\"https:\/\/www.bettervest.com\/wp-content\/uploads\/2021\/05\/2021_v3_1226x311.png\",\"width\":1226,\"height\":311,\"caption\":\"bettervest\"},{\"@type\":\"BreadcrumbList\",\"@id\":\"https:\/\/www.bettervest.com\/de\/iclei-cooperation#breadcrumb\",\"itemListElement\":[{\"@type\":\"ListItem\",\"position\":1,\"name\":\"Startseite\",\"item\":\"https:\/\/www.bettervest.com\/de\"},{\"@type\":\"ListItem\",\"position\":2,\"name\":\"ICLEI Kooperation\"}]},{\"@type\":\"WebSite\",\"@id\":\"https:\/\/www.bettervest.com\/de\/#website\",\"url\":\"https:\/\/www.bettervest.com\/de\/\",\"name\":\"bettervest\",\"description\":\"Crowdfunding - nachhaltig effizient rentabel\",\"publisher\":{\"@id\":\"https:\/\/www.bettervest.com\/de\/#organization\"},\"potentialAction\":[{\"@type\":\"SearchAction\",\"target\":{\"@type\":\"EntryPoint\",\"urlTemplate\":\"https:\/\/www.bettervest.com\/de\/?s={search_term_string}\"},\"query-input\":{\"@type\":\"PropertyValueSpecification\",\"valueRequired\":true,\"valueName\":\"search_term_string\"}}],\"inLanguage\":\"de\"},{\"@type\":\"Organization\",\"@id\":\"https:\/\/www.bettervest.com\/de\/#organization\",\"name\":\"bettervest.com\",\"url\":\"https:\/\/www.bettervest.com\/de\/\",\"logo\":{\"@type\":\"ImageObject\",\"inLanguage\":\"de\",\"@id\":\"https:\/\/www.bettervest.com\/de\/#\/schema\/logo\/image\/\",\"url\":\"https:\/\/www.bettervest.com\/wp-content\/uploads\/2021\/05\/cropped-2021_v3_1226x311.png\",\"contentUrl\":\"https:\/\/www.bettervest.com\/wp-content\/uploads\/2021\/05\/cropped-2021_v3_1226x311.png\",\"width\":1226,\"height\":311,\"caption\":\"bettervest.com\"},\"image\":{\"@id\":\"https:\/\/www.bettervest.com\/de\/#\/schema\/logo\/image\/\"},\"sameAs\":[\"https:\/\/www.facebook.com\/bettervest\/\",\"https:\/\/x.com\/bettervest\",\"https:\/\/www.linkedin.com\/company-beta\/4998550\/\",\"https:\/\/www.youtube.com\/bettervest\"]}]}<\/script>\n<!-- \/ Yoast SEO plugin. -->","yoast_head_json":{"title":"ICLEI Kooperation - bettervest","description":"Strategische Partnerschaft - bettervest and ICLEI b\u00fcndeln ihre Kr\u00e4fte um gemeinsam die nachhaltige Entwicklung von St\u00e4dten und Kommunen zu f\u00f6rdern.","robots":{"index":"index","follow":"follow","max-snippet":"max-snippet:-1","max-image-preview":"max-image-preview:large","max-video-preview":"max-video-preview:-1"},"canonical":"https:\/\/www.bettervest.com\/de\/iclei-cooperation","og_locale":"de_DE","og_type":"article","og_title":"ICLEI Kooperation - bettervest","og_description":"Strategische Partnerschaft - bettervest and ICLEI b\u00fcndeln ihre Kr\u00e4fte um gemeinsam die nachhaltige Entwicklung von St\u00e4dten und Kommunen zu f\u00f6rdern.","og_url":"https:\/\/www.bettervest.com\/de\/iclei-cooperation","og_site_name":"bettervest","article_publisher":"https:\/\/www.facebook.com\/bettervest\/","article_modified_time":"2022-03-17T13:31:47+00:00","og_image":[{"url":"https:\/\/www.bettervest.com\/wp-content\/uploads\/2022\/01\/Klimafreundliches-Investitionspotenzial-1-768x719.png","type":"","width":"","height":""}],"twitter_card":"summary_large_image","twitter_site":"@bettervest","schema":{"@context":"https:\/\/schema.org","@graph":[{"@type":"WebPage","@id":"https:\/\/www.bettervest.com\/de\/iclei-cooperation","url":"https:\/\/www.bettervest.com\/de\/iclei-cooperation","name":"ICLEI Kooperation - bettervest","isPartOf":{"@id":"https:\/\/www.bettervest.com\/de\/#website"},"primaryImageOfPage":{"@id":"https:\/\/www.bettervest.com\/de\/iclei-cooperation#primaryimage"},"image":{"@id":"https:\/\/www.bettervest.com\/de\/iclei-cooperation#primaryimage"},"thumbnailUrl":"https:\/\/www.bettervest.com\/wp-content\/uploads\/2021\/05\/2021_v3_1226x311.png","datePublished":"2019-08-27T11:10:36+00:00","dateModified":"2022-03-17T13:31:47+00:00","description":"Strategische Partnerschaft - bettervest and ICLEI b\u00fcndeln ihre Kr\u00e4fte um gemeinsam die nachhaltige Entwicklung von St\u00e4dten und Kommunen zu f\u00f6rdern.","breadcrumb":{"@id":"https:\/\/www.bettervest.com\/de\/iclei-cooperation#breadcrumb"},"inLanguage":"de","potentialAction":[{"@type":"ReadAction","target":["https:\/\/www.bettervest.com\/de\/iclei-cooperation"]}]},{"@type":"ImageObject","inLanguage":"de","@id":"https:\/\/www.bettervest.com\/de\/iclei-cooperation#primaryimage","url":"https:\/\/www.bettervest.com\/wp-content\/uploads\/2021\/05\/2021_v3_1226x311.png","contentUrl":"https:\/\/www.bettervest.com\/wp-content\/uploads\/2021\/05\/2021_v3_1226x311.png","width":1226,"height":311,"caption":"bettervest"},{"@type":"BreadcrumbList","@id":"https:\/\/www.bettervest.com\/de\/iclei-cooperation#breadcrumb","itemListElement":[{"@type":"ListItem","position":1,"name":"Startseite","item":"https:\/\/www.bettervest.com\/de"},{"@type":"ListItem","position":2,"name":"ICLEI Kooperation"}]},{"@type":"WebSite","@id":"https:\/\/www.bettervest.com\/de\/#website","url":"https:\/\/www.bettervest.com\/de\/","name":"bettervest","description":"Crowdfunding - nachhaltig effizient rentabel","publisher":{"@id":"https:\/\/www.bettervest.com\/de\/#organization"},"potentialAction":[{"@type":"SearchAction","target":{"@type":"EntryPoint","urlTemplate":"https:\/\/www.bettervest.com\/de\/?s={search_term_string}"},"query-input":{"@type":"PropertyValueSpecification","valueRequired":true,"valueName":"search_term_string"}}],"inLanguage":"de"},{"@type":"Organization","@id":"https:\/\/www.bettervest.com\/de\/#organization","name":"bettervest.com","url":"https:\/\/www.bettervest.com\/de\/","logo":{"@type":"ImageObject","inLanguage":"de","@id":"https:\/\/www.bettervest.com\/de\/#\/schema\/logo\/image\/","url":"https:\/\/www.bettervest.com\/wp-content\/uploads\/2021\/05\/cropped-2021_v3_1226x311.png","contentUrl":"https:\/\/www.bettervest.com\/wp-content\/uploads\/2021\/05\/cropped-2021_v3_1226x311.png","width":1226,"height":311,"caption":"bettervest.com"},"image":{"@id":"https:\/\/www.bettervest.com\/de\/#\/schema\/logo\/image\/"},"sameAs":["https:\/\/www.facebook.com\/bettervest\/","https:\/\/x.com\/bettervest","https:\/\/www.linkedin.com\/company-beta\/4998550\/","https:\/\/www.youtube.com\/bettervest"]}]}},"_links":{"self":[{"href":"https:\/\/www.bettervest.com\/de\/wp-json\/wp\/v2\/pages\/14848","targetHints":{"allow":["GET"]}}],"collection":[{"href":"https:\/\/www.bettervest.com\/de\/wp-json\/wp\/v2\/pages"}],"about":[{"href":"https:\/\/www.bettervest.com\/de\/wp-json\/wp\/v2\/types\/page"}],"author":[{"embeddable":true,"href":"https:\/\/www.bettervest.com\/de\/wp-json\/wp\/v2\/users\/2"}],"replies":[{"embeddable":true,"href":"https:\/\/www.bettervest.com\/de\/wp-json\/wp\/v2\/comments?post=14848"}],"version-history":[{"count":33,"href":"https:\/\/www.bettervest.com\/de\/wp-json\/wp\/v2\/pages\/14848\/revisions"}],"predecessor-version":[{"id":29624,"href":"https:\/\/www.bettervest.com\/de\/wp-json\/wp\/v2\/pages\/14848\/revisions\/29624"}],"wp:featuredmedia":[{"embeddable":true,"href":"https:\/\/www.bettervest.com\/de\/wp-json\/wp\/v2\/media\/21948"}],"wp:attachment":[{"href":"https:\/\/www.bettervest.com\/de\/wp-json\/wp\/v2\/media?parent=14848"}],"curies":[{"name":"wp","href":"https:\/\/api.w.org\/{rel}","templated":true}]}}